{"id":5946,"date":"2023-04-11T12:19:38","date_gmt":"2023-04-11T10:19:38","guid":{"rendered":"https:\/\/ofabskara.se\/produkt\/bitknappsventil-suevia-bull\/"},"modified":"2025-05-08T09:40:37","modified_gmt":"2025-05-08T07:40:37","slug":"bitknappsventil-suevia-bull","status":"publish","type":"product","link":"https:\/\/ofabskara.se\/sv\/produkt\/bitknappsventil-suevia-bull\/","title":{"rendered":"Bitknappsventil Suevia Bull"},"content":{"rendered":"","protected":false},"excerpt":{"rendered":"<p><strong>&#8221;Bull&#8221; bitventil f\u00f6r kalvar, ungdjur och tjurar \u00e4r tillverkad av rostfritt st\u00e5l. <\/strong><\/p>\n<ul>\n<li><strong>Genom sin kraftiga konstruktion \u00e4r ventilen l\u00e4mplig f\u00f6r st\u00f6rre djur. <\/strong><\/li>\n<li><strong>Vattenfl\u00f6det \u00e4r st\u00e4llbart fr\u00e5n cirka 4-8 lit \/ min . <\/strong><\/li>\n<li><strong>L\u00e4ngd: 105 mm. Anslutning 1 \/ 2&#8243; r\u00f6r. <\/strong><\/li>\n<li><strong>Ventilens diameter: 23 mm.<\/strong><\/li>\n<\/ul>\n","protected":false},"featured_media":5947,"comment_status":"closed","ping_status":"open","template":"","meta":{"_acf_changed":false,"inline_featured_image":false},"product_brand":[],"product_cat":[69,115],"product_tag":[],"class_list":{"0":"post-5946","1":"product","2":"type-product","3":"status-publish","4":"has-post-thumbnail","6":"product_cat-vattensystem","7":"product_cat-tillbehor","9":"first","10":"outofstock","11":"taxable","12":"shipping-taxable","13":"purchasable","14":"product-type-simple"},"acf":[],"yoast_head":"<!-- This site is optimized with the Yoast SEO plugin v24.4 - https:\/\/yoast.com\/wordpress\/plugins\/seo\/ -->\n<title>Bitknappsventil Suevia Bull - Ofab<\/title>\n<meta name=\"robots\" content=\"index, follow, max-snippet:-1, max-image-preview:large, max-video-preview:-1\" \/>\n<link rel=\"canonical\" href=\"https:\/\/ofabskara.se\/sv\/produkt\/bitknappsventil-suevia-bull\/\" \/>\n<meta property=\"og:locale\" content=\"sv_SE\" \/>\n<meta property=\"og:type\" content=\"article\" \/>\n<meta property=\"og:title\" content=\"Bitknappsventil Suevia Bull - Ofab\" \/>\n<meta property=\"og:description\" content=\"&quot;Bull&quot; bitventil f\u00f6r kalvar, ungdjur och tjurar \u00e4r tillverkad av rostfritt st\u00e5l.   Genom sin kraftiga konstruktion \u00e4r ventilen l\u00e4mplig f\u00f6r st\u00f6rre djur.  Vattenfl\u00f6det \u00e4r st\u00e4llbart fr\u00e5n cirka 4-8 lit \/ min .  L\u00e4ngd: 105 mm. Anslutning 1 \/ 2&quot; r\u00f6r.  Ventilens diameter: 23 mm.\" \/>\n<meta property=\"og:url\" content=\"https:\/\/ofabskara.se\/sv\/produkt\/bitknappsventil-suevia-bull\/\" \/>\n<meta property=\"og:site_name\" content=\"Ofab\" \/>\n<meta property=\"article:modified_time\" content=\"2025-05-08T07:40:37+00:00\" \/>\n<meta property=\"og:image\" content=\"https:\/\/ofabskara.se\/wp-content\/uploads\/2023\/09\/460_141520-1.png\" \/>\n\t<meta property=\"og:image:width\" content=\"460\" \/>\n\t<meta property=\"og:image:height\" content=\"460\" \/>\n\t<meta property=\"og:image:type\" content=\"image\/png\" \/>\n<meta name=\"twitter:card\" content=\"summary_large_image\" \/>\n<script type=\"application\/ld+json\" class=\"yoast-schema-graph\">{\"@context\":\"https:\/\/schema.org\",\"@graph\":[{\"@type\":\"WebPage\",\"@id\":\"https:\/\/ofabskara.se\/sv\/produkt\/bitknappsventil-suevia-bull\/\",\"url\":\"https:\/\/ofabskara.se\/sv\/produkt\/bitknappsventil-suevia-bull\/\",\"name\":\"Bitknappsventil Suevia Bull - Ofab\",\"isPartOf\":{\"@id\":\"https:\/\/ofabskara.se\/sv\/#website\"},\"primaryImageOfPage\":{\"@id\":\"https:\/\/ofabskara.se\/sv\/produkt\/bitknappsventil-suevia-bull\/#primaryimage\"},\"image\":{\"@id\":\"https:\/\/ofabskara.se\/sv\/produkt\/bitknappsventil-suevia-bull\/#primaryimage\"},\"thumbnailUrl\":\"https:\/\/ofabskara.se\/wp-content\/uploads\/2023\/09\/460_141520-1.png\",\"datePublished\":\"2023-04-11T10:19:38+00:00\",\"dateModified\":\"2025-05-08T07:40:37+00:00\",\"breadcrumb\":{\"@id\":\"https:\/\/ofabskara.se\/sv\/produkt\/bitknappsventil-suevia-bull\/#breadcrumb\"},\"inLanguage\":\"sv-SE\",\"potentialAction\":[{\"@type\":\"ReadAction\",\"target\":[\"https:\/\/ofabskara.se\/sv\/produkt\/bitknappsventil-suevia-bull\/\"]}]},{\"@type\":\"ImageObject\",\"inLanguage\":\"sv-SE\",\"@id\":\"https:\/\/ofabskara.se\/sv\/produkt\/bitknappsventil-suevia-bull\/#primaryimage\",\"url\":\"https:\/\/ofabskara.se\/wp-content\/uploads\/2023\/09\/460_141520-1.png\",\"contentUrl\":\"https:\/\/ofabskara.se\/wp-content\/uploads\/2023\/09\/460_141520-1.png\",\"width\":460,\"height\":460},{\"@type\":\"BreadcrumbList\",\"@id\":\"https:\/\/ofabskara.se\/sv\/produkt\/bitknappsventil-suevia-bull\/#breadcrumb\",\"itemListElement\":[{\"@type\":\"ListItem\",\"position\":1,\"name\":\"Home\",\"item\":\"https:\/\/ofabskara.se\/sv\/\"},{\"@type\":\"ListItem\",\"position\":2,\"name\":\"Butik\",\"item\":\"https:\/\/ofabskara.se\/sv\/butik\/\"},{\"@type\":\"ListItem\",\"position\":3,\"name\":\"Bitknappsventil Suevia Bull\"}]},{\"@type\":\"WebSite\",\"@id\":\"https:\/\/ofabskara.se\/sv\/#website\",\"url\":\"https:\/\/ofabskara.se\/sv\/\",\"name\":\"Ofab\",\"description\":\"\",\"potentialAction\":[{\"@type\":\"SearchAction\",\"target\":{\"@type\":\"EntryPoint\",\"urlTemplate\":\"https:\/\/ofabskara.se\/sv\/?s={search_term_string}\"},\"query-input\":{\"@type\":\"PropertyValueSpecification\",\"valueRequired\":true,\"valueName\":\"search_term_string\"}}],\"inLanguage\":\"sv-SE\"}]}<\/script>\n<!-- \/ Yoast SEO plugin. -->","yoast_head_json":{"title":"Bitknappsventil Suevia Bull - Ofab","robots":{"index":"index","follow":"follow","max-snippet":"max-snippet:-1","max-image-preview":"max-image-preview:large","max-video-preview":"max-video-preview:-1"},"canonical":"https:\/\/ofabskara.se\/sv\/produkt\/bitknappsventil-suevia-bull\/","og_locale":"sv_SE","og_type":"article","og_title":"Bitknappsventil Suevia Bull - Ofab","og_description":"\"Bull\" bitventil f\u00f6r kalvar, ungdjur och tjurar \u00e4r tillverkad av rostfritt st\u00e5l.   Genom sin kraftiga konstruktion \u00e4r ventilen l\u00e4mplig f\u00f6r st\u00f6rre djur.  Vattenfl\u00f6det \u00e4r st\u00e4llbart fr\u00e5n cirka 4-8 lit \/ min .  L\u00e4ngd: 105 mm. Anslutning 1 \/ 2\" r\u00f6r.  Ventilens diameter: 23 mm.","og_url":"https:\/\/ofabskara.se\/sv\/produkt\/bitknappsventil-suevia-bull\/","og_site_name":"Ofab","article_modified_time":"2025-05-08T07:40:37+00:00","og_image":[{"width":460,"height":460,"url":"https:\/\/ofabskara.se\/wp-content\/uploads\/2023\/09\/460_141520-1.png","type":"image\/png"}],"twitter_card":"summary_large_image","schema":{"@context":"https:\/\/schema.org","@graph":[{"@type":"WebPage","@id":"https:\/\/ofabskara.se\/sv\/produkt\/bitknappsventil-suevia-bull\/","url":"https:\/\/ofabskara.se\/sv\/produkt\/bitknappsventil-suevia-bull\/","name":"Bitknappsventil Suevia Bull - Ofab","isPartOf":{"@id":"https:\/\/ofabskara.se\/sv\/#website"},"primaryImageOfPage":{"@id":"https:\/\/ofabskara.se\/sv\/produkt\/bitknappsventil-suevia-bull\/#primaryimage"},"image":{"@id":"https:\/\/ofabskara.se\/sv\/produkt\/bitknappsventil-suevia-bull\/#primaryimage"},"thumbnailUrl":"https:\/\/ofabskara.se\/wp-content\/uploads\/2023\/09\/460_141520-1.png","datePublished":"2023-04-11T10:19:38+00:00","dateModified":"2025-05-08T07:40:37+00:00","breadcrumb":{"@id":"https:\/\/ofabskara.se\/sv\/produkt\/bitknappsventil-suevia-bull\/#breadcrumb"},"inLanguage":"sv-SE","potentialAction":[{"@type":"ReadAction","target":["https:\/\/ofabskara.se\/sv\/produkt\/bitknappsventil-suevia-bull\/"]}]},{"@type":"ImageObject","inLanguage":"sv-SE","@id":"https:\/\/ofabskara.se\/sv\/produkt\/bitknappsventil-suevia-bull\/#primaryimage","url":"https:\/\/ofabskara.se\/wp-content\/uploads\/2023\/09\/460_141520-1.png","contentUrl":"https:\/\/ofabskara.se\/wp-content\/uploads\/2023\/09\/460_141520-1.png","width":460,"height":460},{"@type":"BreadcrumbList","@id":"https:\/\/ofabskara.se\/sv\/produkt\/bitknappsventil-suevia-bull\/#breadcrumb","itemListElement":[{"@type":"ListItem","position":1,"name":"Home","item":"https:\/\/ofabskara.se\/sv\/"},{"@type":"ListItem","position":2,"name":"Butik","item":"https:\/\/ofabskara.se\/sv\/butik\/"},{"@type":"ListItem","position":3,"name":"Bitknappsventil Suevia Bull"}]},{"@type":"WebSite","@id":"https:\/\/ofabskara.se\/sv\/#website","url":"https:\/\/ofabskara.se\/sv\/","name":"Ofab","description":"","potentialAction":[{"@type":"SearchAction","target":{"@type":"EntryPoint","urlTemplate":"https:\/\/ofabskara.se\/sv\/?s={search_term_string}"},"query-input":{"@type":"PropertyValueSpecification","valueRequired":true,"valueName":"search_term_string"}}],"inLanguage":"sv-SE"}]}},"_links":{"self":[{"href":"https:\/\/ofabskara.se\/sv\/wp-json\/wp\/v2\/product\/5946","targetHints":{"allow":["GET"]}}],"collection":[{"href":"https:\/\/ofabskara.se\/sv\/wp-json\/wp\/v2\/product"}],"about":[{"href":"https:\/\/ofabskara.se\/sv\/wp-json\/wp\/v2\/types\/product"}],"replies":[{"embeddable":true,"href":"https:\/\/ofabskara.se\/sv\/wp-json\/wp\/v2\/comments?post=5946"}],"wp:featuredmedia":[{"embeddable":true,"href":"https:\/\/ofabskara.se\/sv\/wp-json\/wp\/v2\/media\/5947"}],"wp:attachment":[{"href":"https:\/\/ofabskara.se\/sv\/wp-json\/wp\/v2\/media?parent=5946"}],"wp:term":[{"taxonomy":"product_brand","embeddable":true,"href":"https:\/\/ofabskara.se\/sv\/wp-json\/wp\/v2\/product_brand?post=5946"},{"taxonomy":"product_cat","embeddable":true,"href":"https:\/\/ofabskara.se\/sv\/wp-json\/wp\/v2\/product_cat?post=5946"},{"taxonomy":"product_tag","embeddable":true,"href":"https:\/\/ofabskara.se\/sv\/wp-json\/wp\/v2\/product_tag?post=5946"}],"curies":[{"name":"wp","href":"https:\/\/api.w.org\/{rel}","templated":true}]}}