{"id":6097,"date":"2023-08-07T13:43:04","date_gmt":"2023-08-07T11:43:04","guid":{"rendered":"https:\/\/ofabskara.se\/produkt\/ex-muff-1-2-tum-3-4-tum\/"},"modified":"2026-05-05T16:09:11","modified_gmt":"2026-05-05T14:09:11","slug":"ex-muff-1-2-tum-3-4-tum","status":"publish","type":"product","link":"https:\/\/ofabskara.se\/sv\/produkt\/ex-muff-1-2-tum-3-4-tum\/","title":{"rendered":"Muff 1\/2 tum, 3\/4 tum"},"content":{"rendered":"<p>Denna muff sitter numera p\u00e5 flott\u00f6r A603 och f\u00f6rhindrar att anslutningsdelen g\u00e5r av !<\/p>\n<p>G\u00e5r att uppgradera dina gamla flott\u00f6rer med denna och f\u00f6rhindra risk f\u00f6r l\u00e4ckage.<\/p>\n<p>Sitter \u00f6ver anslutningsdelen p\u00e5 flott\u00f6ren.<\/p>\n<p>&nbsp;<\/p>\n","protected":false},"excerpt":{"rendered":"<p>Denna muff sitter numera p\u00e5 flott\u00f6r A603 och f\u00f6rhindrar att anslutningsdelen g\u00e5r av ! G\u00e5r att uppgradera dina gamla flott\u00f6rer med denna och f\u00f6rhindra risk f\u00f6r l\u00e4ckage. Sitter \u00f6ver anslutningsdelen p\u00e5 flott\u00f6ren. &nbsp;<\/p>\n","protected":false},"featured_media":42365,"comment_status":"open","ping_status":"closed","template":"","meta":{"_acf_changed":false,"inline_featured_image":false},"product_brand":[],"product_cat":[69,115],"product_tag":[],"class_list":{"0":"post-6097","1":"product","2":"type-product","3":"status-publish","4":"has-post-thumbnail","6":"product_cat-vattensystem","7":"product_cat-tillbehor","9":"first","10":"instock","11":"taxable","12":"shipping-taxable","13":"purchasable","14":"product-type-simple"},"acf":[],"yoast_head":"<!-- This site is optimized with the Yoast SEO plugin v24.4 - https:\/\/yoast.com\/wordpress\/plugins\/seo\/ -->\n<title>Muff 1\/2 tum, 3\/4 tum - Ofab<\/title>\n<meta name=\"robots\" content=\"index, follow, max-snippet:-1, max-image-preview:large, max-video-preview:-1\" \/>\n<link rel=\"canonical\" href=\"https:\/\/ofabskara.se\/sv\/produkt\/ex-muff-1-2-tum-3-4-tum\/\" \/>\n<meta property=\"og:locale\" content=\"sv_SE\" \/>\n<meta property=\"og:type\" content=\"article\" \/>\n<meta property=\"og:title\" content=\"Muff 1\/2 tum, 3\/4 tum - Ofab\" \/>\n<meta property=\"og:description\" content=\"Denna muff sitter numera p\u00e5 flott\u00f6r A603 och f\u00f6rhindrar att anslutningsdelen g\u00e5r av ! G\u00e5r att uppgradera dina gamla flott\u00f6rer med denna och f\u00f6rhindra risk f\u00f6r l\u00e4ckage. Sitter \u00f6ver anslutningsdelen p\u00e5 flott\u00f6ren. &nbsp;\" \/>\n<meta property=\"og:url\" content=\"https:\/\/ofabskara.se\/sv\/produkt\/ex-muff-1-2-tum-3-4-tum\/\" \/>\n<meta property=\"og:site_name\" content=\"Ofab\" \/>\n<meta property=\"article:modified_time\" content=\"2026-05-05T14:09:11+00:00\" \/>\n<meta property=\"og:image\" content=\"https:\/\/ofabskara.se\/wp-content\/uploads\/2023\/08\/4180142.jpg\" \/>\n\t<meta property=\"og:image:width\" content=\"900\" \/>\n\t<meta property=\"og:image:height\" content=\"900\" \/>\n\t<meta property=\"og:image:type\" content=\"image\/jpeg\" \/>\n<meta name=\"twitter:card\" content=\"summary_large_image\" \/>\n<meta name=\"twitter:label1\" content=\"Ber\u00e4knad l\u00e4stid\" \/>\n\t<meta name=\"twitter:data1\" content=\"1 minut\" \/>\n<script type=\"application\/ld+json\" class=\"yoast-schema-graph\">{\"@context\":\"https:\/\/schema.org\",\"@graph\":[{\"@type\":\"WebPage\",\"@id\":\"https:\/\/ofabskara.se\/sv\/produkt\/ex-muff-1-2-tum-3-4-tum\/\",\"url\":\"https:\/\/ofabskara.se\/sv\/produkt\/ex-muff-1-2-tum-3-4-tum\/\",\"name\":\"Muff 1\/2 tum, 3\/4 tum - Ofab\",\"isPartOf\":{\"@id\":\"https:\/\/ofabskara.se\/sv\/#website\"},\"primaryImageOfPage\":{\"@id\":\"https:\/\/ofabskara.se\/sv\/produkt\/ex-muff-1-2-tum-3-4-tum\/#primaryimage\"},\"image\":{\"@id\":\"https:\/\/ofabskara.se\/sv\/produkt\/ex-muff-1-2-tum-3-4-tum\/#primaryimage\"},\"thumbnailUrl\":\"https:\/\/ofabskara.se\/wp-content\/uploads\/2023\/08\/4180142.jpg\",\"datePublished\":\"2023-08-07T11:43:04+00:00\",\"dateModified\":\"2026-05-05T14:09:11+00:00\",\"breadcrumb\":{\"@id\":\"https:\/\/ofabskara.se\/sv\/produkt\/ex-muff-1-2-tum-3-4-tum\/#breadcrumb\"},\"inLanguage\":\"sv-SE\",\"potentialAction\":[{\"@type\":\"ReadAction\",\"target\":[\"https:\/\/ofabskara.se\/sv\/produkt\/ex-muff-1-2-tum-3-4-tum\/\"]}]},{\"@type\":\"ImageObject\",\"inLanguage\":\"sv-SE\",\"@id\":\"https:\/\/ofabskara.se\/sv\/produkt\/ex-muff-1-2-tum-3-4-tum\/#primaryimage\",\"url\":\"https:\/\/ofabskara.se\/wp-content\/uploads\/2023\/08\/4180142.jpg\",\"contentUrl\":\"https:\/\/ofabskara.se\/wp-content\/uploads\/2023\/08\/4180142.jpg\",\"width\":900,\"height\":900,\"caption\":\"4180142\"},{\"@type\":\"BreadcrumbList\",\"@id\":\"https:\/\/ofabskara.se\/sv\/produkt\/ex-muff-1-2-tum-3-4-tum\/#breadcrumb\",\"itemListElement\":[{\"@type\":\"ListItem\",\"position\":1,\"name\":\"Home\",\"item\":\"https:\/\/ofabskara.se\/sv\/\"},{\"@type\":\"ListItem\",\"position\":2,\"name\":\"Butik\",\"item\":\"https:\/\/ofabskara.se\/sv\/butik\/\"},{\"@type\":\"ListItem\",\"position\":3,\"name\":\"Muff 1\/2 tum, 3\/4 tum\"}]},{\"@type\":\"WebSite\",\"@id\":\"https:\/\/ofabskara.se\/sv\/#website\",\"url\":\"https:\/\/ofabskara.se\/sv\/\",\"name\":\"Ofab\",\"description\":\"\",\"potentialAction\":[{\"@type\":\"SearchAction\",\"target\":{\"@type\":\"EntryPoint\",\"urlTemplate\":\"https:\/\/ofabskara.se\/sv\/?s={search_term_string}\"},\"query-input\":{\"@type\":\"PropertyValueSpecification\",\"valueRequired\":true,\"valueName\":\"search_term_string\"}}],\"inLanguage\":\"sv-SE\"}]}<\/script>\n<!-- \/ Yoast SEO plugin. -->","yoast_head_json":{"title":"Muff 1\/2 tum, 3\/4 tum - Ofab","robots":{"index":"index","follow":"follow","max-snippet":"max-snippet:-1","max-image-preview":"max-image-preview:large","max-video-preview":"max-video-preview:-1"},"canonical":"https:\/\/ofabskara.se\/sv\/produkt\/ex-muff-1-2-tum-3-4-tum\/","og_locale":"sv_SE","og_type":"article","og_title":"Muff 1\/2 tum, 3\/4 tum - Ofab","og_description":"Denna muff sitter numera p\u00e5 flott\u00f6r A603 och f\u00f6rhindrar att anslutningsdelen g\u00e5r av ! G\u00e5r att uppgradera dina gamla flott\u00f6rer med denna och f\u00f6rhindra risk f\u00f6r l\u00e4ckage. Sitter \u00f6ver anslutningsdelen p\u00e5 flott\u00f6ren. &nbsp;","og_url":"https:\/\/ofabskara.se\/sv\/produkt\/ex-muff-1-2-tum-3-4-tum\/","og_site_name":"Ofab","article_modified_time":"2026-05-05T14:09:11+00:00","og_image":[{"width":900,"height":900,"url":"https:\/\/ofabskara.se\/wp-content\/uploads\/2023\/08\/4180142.jpg","type":"image\/jpeg"}],"twitter_card":"summary_large_image","twitter_misc":{"Ber\u00e4knad l\u00e4stid":"1 minut"},"schema":{"@context":"https:\/\/schema.org","@graph":[{"@type":"WebPage","@id":"https:\/\/ofabskara.se\/sv\/produkt\/ex-muff-1-2-tum-3-4-tum\/","url":"https:\/\/ofabskara.se\/sv\/produkt\/ex-muff-1-2-tum-3-4-tum\/","name":"Muff 1\/2 tum, 3\/4 tum - Ofab","isPartOf":{"@id":"https:\/\/ofabskara.se\/sv\/#website"},"primaryImageOfPage":{"@id":"https:\/\/ofabskara.se\/sv\/produkt\/ex-muff-1-2-tum-3-4-tum\/#primaryimage"},"image":{"@id":"https:\/\/ofabskara.se\/sv\/produkt\/ex-muff-1-2-tum-3-4-tum\/#primaryimage"},"thumbnailUrl":"https:\/\/ofabskara.se\/wp-content\/uploads\/2023\/08\/4180142.jpg","datePublished":"2023-08-07T11:43:04+00:00","dateModified":"2026-05-05T14:09:11+00:00","breadcrumb":{"@id":"https:\/\/ofabskara.se\/sv\/produkt\/ex-muff-1-2-tum-3-4-tum\/#breadcrumb"},"inLanguage":"sv-SE","potentialAction":[{"@type":"ReadAction","target":["https:\/\/ofabskara.se\/sv\/produkt\/ex-muff-1-2-tum-3-4-tum\/"]}]},{"@type":"ImageObject","inLanguage":"sv-SE","@id":"https:\/\/ofabskara.se\/sv\/produkt\/ex-muff-1-2-tum-3-4-tum\/#primaryimage","url":"https:\/\/ofabskara.se\/wp-content\/uploads\/2023\/08\/4180142.jpg","contentUrl":"https:\/\/ofabskara.se\/wp-content\/uploads\/2023\/08\/4180142.jpg","width":900,"height":900,"caption":"4180142"},{"@type":"BreadcrumbList","@id":"https:\/\/ofabskara.se\/sv\/produkt\/ex-muff-1-2-tum-3-4-tum\/#breadcrumb","itemListElement":[{"@type":"ListItem","position":1,"name":"Home","item":"https:\/\/ofabskara.se\/sv\/"},{"@type":"ListItem","position":2,"name":"Butik","item":"https:\/\/ofabskara.se\/sv\/butik\/"},{"@type":"ListItem","position":3,"name":"Muff 1\/2 tum, 3\/4 tum"}]},{"@type":"WebSite","@id":"https:\/\/ofabskara.se\/sv\/#website","url":"https:\/\/ofabskara.se\/sv\/","name":"Ofab","description":"","potentialAction":[{"@type":"SearchAction","target":{"@type":"EntryPoint","urlTemplate":"https:\/\/ofabskara.se\/sv\/?s={search_term_string}"},"query-input":{"@type":"PropertyValueSpecification","valueRequired":true,"valueName":"search_term_string"}}],"inLanguage":"sv-SE"}]}},"_links":{"self":[{"href":"https:\/\/ofabskara.se\/sv\/wp-json\/wp\/v2\/product\/6097","targetHints":{"allow":["GET"]}}],"collection":[{"href":"https:\/\/ofabskara.se\/sv\/wp-json\/wp\/v2\/product"}],"about":[{"href":"https:\/\/ofabskara.se\/sv\/wp-json\/wp\/v2\/types\/product"}],"replies":[{"embeddable":true,"href":"https:\/\/ofabskara.se\/sv\/wp-json\/wp\/v2\/comments?post=6097"}],"wp:featuredmedia":[{"embeddable":true,"href":"https:\/\/ofabskara.se\/sv\/wp-json\/wp\/v2\/media\/42365"}],"wp:attachment":[{"href":"https:\/\/ofabskara.se\/sv\/wp-json\/wp\/v2\/media?parent=6097"}],"wp:term":[{"taxonomy":"product_brand","embeddable":true,"href":"https:\/\/ofabskara.se\/sv\/wp-json\/wp\/v2\/product_brand?post=6097"},{"taxonomy":"product_cat","embeddable":true,"href":"https:\/\/ofabskara.se\/sv\/wp-json\/wp\/v2\/product_cat?post=6097"},{"taxonomy":"product_tag","embeddable":true,"href":"https:\/\/ofabskara.se\/sv\/wp-json\/wp\/v2\/product_tag?post=6097"}],"curies":[{"name":"wp","href":"https:\/\/api.w.org\/{rel}","templated":true}]}}