{"id":6178,"date":"2023-09-25T14:04:20","date_gmt":"2023-09-25T12:04:20","guid":{"rendered":"https:\/\/ofabskara.se\/?post_type=product&#038;p=6178"},"modified":"2025-06-26T09:15:05","modified_gmt":"2025-06-26T07:15:05","slug":"800-45r26-5","status":"publish","type":"product","link":"https:\/\/ofabskara.se\/sv\/produkt\/800-45r26-5\/","title":{"rendered":"Radiald\u00e4ck 800\/45R26.5 174D"},"content":{"rendered":"<p>Utm\u00e4rkt f\u00f6r b\u00e5de v\u00e4g och g\u00e5rdsk\u00f6rningar. Ger bra driv och sj\u00e4lvrensning under f\u00e4ltdrift. F\u00f6rb\u00e4ttrad komfort , ger m\u00e5nga sk\u00f6na mil.<\/p>\n","protected":false},"excerpt":{"rendered":"<p>Utm\u00e4rkt f\u00f6r b\u00e5de v\u00e4g och g\u00e5rdsk\u00f6rningar. Ger bra driv och sj\u00e4lvrensning under f\u00e4ltdrift. F\u00f6rb\u00e4ttrad komfort , ger m\u00e5nga sk\u00f6na mil.<\/p>\n","protected":false},"featured_media":6168,"comment_status":"open","ping_status":"closed","template":"","meta":{"_acf_changed":false,"inline_featured_image":false},"product_brand":[],"product_cat":[71],"product_tag":[],"class_list":{"0":"post-6178","1":"product","2":"type-product","3":"status-publish","4":"has-post-thumbnail","6":"product_cat-hjul-axeltappar","7":"product_shipping_class-broson-frakt","8":"pa_bredd-828mm","9":"pa_diameter-1393mm","10":"pa_dimension-800-45r26-5","11":"pa_km-h-1348","12":"pa_lager-174d","14":"first","15":"instock","16":"taxable","17":"shipping-taxable","18":"purchasable","19":"product-type-simple"},"acf":[],"yoast_head":"<!-- This site is optimized with the Yoast SEO plugin v24.4 - https:\/\/yoast.com\/wordpress\/plugins\/seo\/ -->\n<title>Radiald\u00e4ck 800\/45R26.5 174D - Ofab<\/title>\n<meta name=\"robots\" content=\"index, follow, max-snippet:-1, max-image-preview:large, max-video-preview:-1\" \/>\n<link rel=\"canonical\" href=\"https:\/\/ofabskara.se\/sv\/produkt\/800-45r26-5\/\" \/>\n<meta property=\"og:locale\" content=\"sv_SE\" \/>\n<meta property=\"og:type\" content=\"article\" \/>\n<meta property=\"og:title\" content=\"Radiald\u00e4ck 800\/45R26.5 174D - Ofab\" \/>\n<meta property=\"og:description\" content=\"Utm\u00e4rkt f\u00f6r b\u00e5de v\u00e4g och g\u00e5rdsk\u00f6rningar. Ger bra driv och sj\u00e4lvrensning under f\u00e4ltdrift. F\u00f6rb\u00e4ttrad komfort , ger m\u00e5nga sk\u00f6na mil.\" \/>\n<meta property=\"og:url\" content=\"https:\/\/ofabskara.se\/sv\/produkt\/800-45r26-5\/\" \/>\n<meta property=\"og:site_name\" content=\"Ofab\" \/>\n<meta property=\"article:modified_time\" content=\"2025-06-26T07:15:05+00:00\" \/>\n<meta property=\"og:image\" content=\"https:\/\/ofabskara.se\/wp-content\/uploads\/2023\/09\/ftr170.png\" \/>\n\t<meta property=\"og:image:width\" content=\"736\" \/>\n\t<meta property=\"og:image:height\" content=\"799\" \/>\n\t<meta property=\"og:image:type\" content=\"image\/png\" \/>\n<meta name=\"twitter:card\" content=\"summary_large_image\" \/>\n<meta name=\"twitter:label1\" content=\"Ber\u00e4knad l\u00e4stid\" \/>\n\t<meta name=\"twitter:data1\" content=\"1 minut\" \/>\n<script type=\"application\/ld+json\" class=\"yoast-schema-graph\">{\"@context\":\"https:\/\/schema.org\",\"@graph\":[{\"@type\":\"WebPage\",\"@id\":\"https:\/\/ofabskara.se\/sv\/produkt\/800-45r26-5\/\",\"url\":\"https:\/\/ofabskara.se\/sv\/produkt\/800-45r26-5\/\",\"name\":\"Radiald\u00e4ck 800\/45R26.5 174D - Ofab\",\"isPartOf\":{\"@id\":\"https:\/\/ofabskara.se\/sv\/#website\"},\"primaryImageOfPage\":{\"@id\":\"https:\/\/ofabskara.se\/sv\/produkt\/800-45r26-5\/#primaryimage\"},\"image\":{\"@id\":\"https:\/\/ofabskara.se\/sv\/produkt\/800-45r26-5\/#primaryimage\"},\"thumbnailUrl\":\"https:\/\/ofabskara.se\/wp-content\/uploads\/2023\/09\/ftr170.png\",\"datePublished\":\"2023-09-25T12:04:20+00:00\",\"dateModified\":\"2025-06-26T07:15:05+00:00\",\"breadcrumb\":{\"@id\":\"https:\/\/ofabskara.se\/sv\/produkt\/800-45r26-5\/#breadcrumb\"},\"inLanguage\":\"sv-SE\",\"potentialAction\":[{\"@type\":\"ReadAction\",\"target\":[\"https:\/\/ofabskara.se\/sv\/produkt\/800-45r26-5\/\"]}]},{\"@type\":\"ImageObject\",\"inLanguage\":\"sv-SE\",\"@id\":\"https:\/\/ofabskara.se\/sv\/produkt\/800-45r26-5\/#primaryimage\",\"url\":\"https:\/\/ofabskara.se\/wp-content\/uploads\/2023\/09\/ftr170.png\",\"contentUrl\":\"https:\/\/ofabskara.se\/wp-content\/uploads\/2023\/09\/ftr170.png\",\"width\":736,\"height\":799,\"caption\":\"ftr170\"},{\"@type\":\"BreadcrumbList\",\"@id\":\"https:\/\/ofabskara.se\/sv\/produkt\/800-45r26-5\/#breadcrumb\",\"itemListElement\":[{\"@type\":\"ListItem\",\"position\":1,\"name\":\"Home\",\"item\":\"https:\/\/ofabskara.se\/sv\/\"},{\"@type\":\"ListItem\",\"position\":2,\"name\":\"Butik\",\"item\":\"https:\/\/ofabskara.se\/sv\/butik\/\"},{\"@type\":\"ListItem\",\"position\":3,\"name\":\"Radiald\u00e4ck 800\/45R26.5 174D\"}]},{\"@type\":\"WebSite\",\"@id\":\"https:\/\/ofabskara.se\/sv\/#website\",\"url\":\"https:\/\/ofabskara.se\/sv\/\",\"name\":\"Ofab\",\"description\":\"\",\"potentialAction\":[{\"@type\":\"SearchAction\",\"target\":{\"@type\":\"EntryPoint\",\"urlTemplate\":\"https:\/\/ofabskara.se\/sv\/?s={search_term_string}\"},\"query-input\":{\"@type\":\"PropertyValueSpecification\",\"valueRequired\":true,\"valueName\":\"search_term_string\"}}],\"inLanguage\":\"sv-SE\"}]}<\/script>\n<!-- \/ Yoast SEO plugin. -->","yoast_head_json":{"title":"Radiald\u00e4ck 800\/45R26.5 174D - Ofab","robots":{"index":"index","follow":"follow","max-snippet":"max-snippet:-1","max-image-preview":"max-image-preview:large","max-video-preview":"max-video-preview:-1"},"canonical":"https:\/\/ofabskara.se\/sv\/produkt\/800-45r26-5\/","og_locale":"sv_SE","og_type":"article","og_title":"Radiald\u00e4ck 800\/45R26.5 174D - Ofab","og_description":"Utm\u00e4rkt f\u00f6r b\u00e5de v\u00e4g och g\u00e5rdsk\u00f6rningar. Ger bra driv och sj\u00e4lvrensning under f\u00e4ltdrift. F\u00f6rb\u00e4ttrad komfort , ger m\u00e5nga sk\u00f6na mil.","og_url":"https:\/\/ofabskara.se\/sv\/produkt\/800-45r26-5\/","og_site_name":"Ofab","article_modified_time":"2025-06-26T07:15:05+00:00","og_image":[{"width":736,"height":799,"url":"https:\/\/ofabskara.se\/wp-content\/uploads\/2023\/09\/ftr170.png","type":"image\/png"}],"twitter_card":"summary_large_image","twitter_misc":{"Ber\u00e4knad l\u00e4stid":"1 minut"},"schema":{"@context":"https:\/\/schema.org","@graph":[{"@type":"WebPage","@id":"https:\/\/ofabskara.se\/sv\/produkt\/800-45r26-5\/","url":"https:\/\/ofabskara.se\/sv\/produkt\/800-45r26-5\/","name":"Radiald\u00e4ck 800\/45R26.5 174D - Ofab","isPartOf":{"@id":"https:\/\/ofabskara.se\/sv\/#website"},"primaryImageOfPage":{"@id":"https:\/\/ofabskara.se\/sv\/produkt\/800-45r26-5\/#primaryimage"},"image":{"@id":"https:\/\/ofabskara.se\/sv\/produkt\/800-45r26-5\/#primaryimage"},"thumbnailUrl":"https:\/\/ofabskara.se\/wp-content\/uploads\/2023\/09\/ftr170.png","datePublished":"2023-09-25T12:04:20+00:00","dateModified":"2025-06-26T07:15:05+00:00","breadcrumb":{"@id":"https:\/\/ofabskara.se\/sv\/produkt\/800-45r26-5\/#breadcrumb"},"inLanguage":"sv-SE","potentialAction":[{"@type":"ReadAction","target":["https:\/\/ofabskara.se\/sv\/produkt\/800-45r26-5\/"]}]},{"@type":"ImageObject","inLanguage":"sv-SE","@id":"https:\/\/ofabskara.se\/sv\/produkt\/800-45r26-5\/#primaryimage","url":"https:\/\/ofabskara.se\/wp-content\/uploads\/2023\/09\/ftr170.png","contentUrl":"https:\/\/ofabskara.se\/wp-content\/uploads\/2023\/09\/ftr170.png","width":736,"height":799,"caption":"ftr170"},{"@type":"BreadcrumbList","@id":"https:\/\/ofabskara.se\/sv\/produkt\/800-45r26-5\/#breadcrumb","itemListElement":[{"@type":"ListItem","position":1,"name":"Home","item":"https:\/\/ofabskara.se\/sv\/"},{"@type":"ListItem","position":2,"name":"Butik","item":"https:\/\/ofabskara.se\/sv\/butik\/"},{"@type":"ListItem","position":3,"name":"Radiald\u00e4ck 800\/45R26.5 174D"}]},{"@type":"WebSite","@id":"https:\/\/ofabskara.se\/sv\/#website","url":"https:\/\/ofabskara.se\/sv\/","name":"Ofab","description":"","potentialAction":[{"@type":"SearchAction","target":{"@type":"EntryPoint","urlTemplate":"https:\/\/ofabskara.se\/sv\/?s={search_term_string}"},"query-input":{"@type":"PropertyValueSpecification","valueRequired":true,"valueName":"search_term_string"}}],"inLanguage":"sv-SE"}]}},"_links":{"self":[{"href":"https:\/\/ofabskara.se\/sv\/wp-json\/wp\/v2\/product\/6178","targetHints":{"allow":["GET"]}}],"collection":[{"href":"https:\/\/ofabskara.se\/sv\/wp-json\/wp\/v2\/product"}],"about":[{"href":"https:\/\/ofabskara.se\/sv\/wp-json\/wp\/v2\/types\/product"}],"replies":[{"embeddable":true,"href":"https:\/\/ofabskara.se\/sv\/wp-json\/wp\/v2\/comments?post=6178"}],"wp:featuredmedia":[{"embeddable":true,"href":"https:\/\/ofabskara.se\/sv\/wp-json\/wp\/v2\/media\/6168"}],"wp:attachment":[{"href":"https:\/\/ofabskara.se\/sv\/wp-json\/wp\/v2\/media?parent=6178"}],"wp:term":[{"taxonomy":"product_brand","embeddable":true,"href":"https:\/\/ofabskara.se\/sv\/wp-json\/wp\/v2\/product_brand?post=6178"},{"taxonomy":"product_cat","embeddable":true,"href":"https:\/\/ofabskara.se\/sv\/wp-json\/wp\/v2\/product_cat?post=6178"},{"taxonomy":"product_tag","embeddable":true,"href":"https:\/\/ofabskara.se\/sv\/wp-json\/wp\/v2\/product_tag?post=6178"}],"curies":[{"name":"wp","href":"https:\/\/api.w.org\/{rel}","templated":true}]}}