{"id":6210,"date":"2023-09-27T09:41:30","date_gmt":"2023-09-27T07:41:30","guid":{"rendered":"https:\/\/ofabskara.se\/?post_type=product&#038;p=6210"},"modified":"2025-06-25T15:14:45","modified_gmt":"2025-06-25T13:14:45","slug":"12-5-80-15-3","status":"publish","type":"product","link":"https:\/\/ofabskara.se\/sv\/produkt\/12-5-80-15-3\/","title":{"rendered":"Vagnsd\u00e4ck 12.5\/80-15.3 14-Lag"},"content":{"rendered":"<p><strong>Implement <\/strong><\/p>\n<p><strong>Optimalt bredd- och h\u00f6jdf\u00f6rh\u00e5llande:<\/strong> S\u00e4kerst\u00e4ller h\u00f6g stabilitet.<\/p>\n<p><strong>Stark nylonstomme: <\/strong>F\u00f6r h\u00f6g lastkapacitet och livsl\u00e4ngd.<\/p>\n","protected":false},"excerpt":{"rendered":"<p>Implement Optimalt bredd- och h\u00f6jdf\u00f6rh\u00e5llande: S\u00e4kerst\u00e4ller h\u00f6g stabilitet. Stark nylonstomme: F\u00f6r h\u00f6g lastkapacitet och livsl\u00e4ngd.<\/p>\n","protected":false},"featured_media":6203,"comment_status":"open","ping_status":"closed","template":"","meta":{"_acf_changed":false,"inline_featured_image":false},"product_brand":[],"product_cat":[71],"product_tag":[],"class_list":{"0":"post-6210","1":"product","2":"type-product","3":"status-publish","4":"has-post-thumbnail","6":"product_cat-hjul-axeltappar","7":"product_shipping_class-broson-frakt","8":"pa_bredd-295mm","9":"pa_diameter-869mm","10":"pa_dimension-12-5-80-15-3","11":"pa_km-h-1433","12":"pa_lager-14-lag","14":"first","15":"instock","16":"taxable","17":"shipping-taxable","18":"purchasable","19":"product-type-simple"},"acf":[],"yoast_head":"<!-- This site is optimized with the Yoast SEO plugin v24.4 - https:\/\/yoast.com\/wordpress\/plugins\/seo\/ -->\n<title>Vagnsd\u00e4ck 12.5\/80-15.3 14-Lag - Ofab<\/title>\n<meta name=\"robots\" content=\"index, follow, max-snippet:-1, max-image-preview:large, max-video-preview:-1\" \/>\n<link rel=\"canonical\" href=\"https:\/\/ofabskara.se\/sv\/produkt\/12-5-80-15-3\/\" \/>\n<meta property=\"og:locale\" content=\"sv_SE\" \/>\n<meta property=\"og:type\" content=\"article\" \/>\n<meta property=\"og:title\" content=\"Vagnsd\u00e4ck 12.5\/80-15.3 14-Lag - Ofab\" \/>\n<meta property=\"og:description\" content=\"Implement Optimalt bredd- och h\u00f6jdf\u00f6rh\u00e5llande: S\u00e4kerst\u00e4ller h\u00f6g stabilitet. Stark nylonstomme: F\u00f6r h\u00f6g lastkapacitet och livsl\u00e4ngd.\" \/>\n<meta property=\"og:url\" content=\"https:\/\/ofabskara.se\/sv\/produkt\/12-5-80-15-3\/\" \/>\n<meta property=\"og:site_name\" content=\"Ofab\" \/>\n<meta property=\"article:modified_time\" content=\"2025-06-25T13:14:45+00:00\" \/>\n<meta property=\"og:image\" content=\"https:\/\/ofabskara.se\/wp-content\/uploads\/2023\/09\/IMB160.png\" \/>\n\t<meta property=\"og:image:width\" content=\"715\" \/>\n\t<meta property=\"og:image:height\" content=\"1178\" \/>\n\t<meta property=\"og:image:type\" content=\"image\/png\" \/>\n<meta name=\"twitter:card\" content=\"summary_large_image\" \/>\n<meta name=\"twitter:label1\" content=\"Ber\u00e4knad l\u00e4stid\" \/>\n\t<meta name=\"twitter:data1\" content=\"1 minut\" \/>\n<script type=\"application\/ld+json\" class=\"yoast-schema-graph\">{\"@context\":\"https:\/\/schema.org\",\"@graph\":[{\"@type\":\"WebPage\",\"@id\":\"https:\/\/ofabskara.se\/sv\/produkt\/12-5-80-15-3\/\",\"url\":\"https:\/\/ofabskara.se\/sv\/produkt\/12-5-80-15-3\/\",\"name\":\"Vagnsd\u00e4ck 12.5\/80-15.3 14-Lag - Ofab\",\"isPartOf\":{\"@id\":\"https:\/\/ofabskara.se\/sv\/#website\"},\"primaryImageOfPage\":{\"@id\":\"https:\/\/ofabskara.se\/sv\/produkt\/12-5-80-15-3\/#primaryimage\"},\"image\":{\"@id\":\"https:\/\/ofabskara.se\/sv\/produkt\/12-5-80-15-3\/#primaryimage\"},\"thumbnailUrl\":\"https:\/\/ofabskara.se\/wp-content\/uploads\/2023\/09\/IMB160.png\",\"datePublished\":\"2023-09-27T07:41:30+00:00\",\"dateModified\":\"2025-06-25T13:14:45+00:00\",\"breadcrumb\":{\"@id\":\"https:\/\/ofabskara.se\/sv\/produkt\/12-5-80-15-3\/#breadcrumb\"},\"inLanguage\":\"sv-SE\",\"potentialAction\":[{\"@type\":\"ReadAction\",\"target\":[\"https:\/\/ofabskara.se\/sv\/produkt\/12-5-80-15-3\/\"]}]},{\"@type\":\"ImageObject\",\"inLanguage\":\"sv-SE\",\"@id\":\"https:\/\/ofabskara.se\/sv\/produkt\/12-5-80-15-3\/#primaryimage\",\"url\":\"https:\/\/ofabskara.se\/wp-content\/uploads\/2023\/09\/IMB160.png\",\"contentUrl\":\"https:\/\/ofabskara.se\/wp-content\/uploads\/2023\/09\/IMB160.png\",\"width\":715,\"height\":1178,\"caption\":\"IMB160\"},{\"@type\":\"BreadcrumbList\",\"@id\":\"https:\/\/ofabskara.se\/sv\/produkt\/12-5-80-15-3\/#breadcrumb\",\"itemListElement\":[{\"@type\":\"ListItem\",\"position\":1,\"name\":\"Home\",\"item\":\"https:\/\/ofabskara.se\/sv\/\"},{\"@type\":\"ListItem\",\"position\":2,\"name\":\"Butik\",\"item\":\"https:\/\/ofabskara.se\/sv\/butik\/\"},{\"@type\":\"ListItem\",\"position\":3,\"name\":\"Vagnsd\u00e4ck 12.5\/80-15.3 14-Lag\"}]},{\"@type\":\"WebSite\",\"@id\":\"https:\/\/ofabskara.se\/sv\/#website\",\"url\":\"https:\/\/ofabskara.se\/sv\/\",\"name\":\"Ofab\",\"description\":\"\",\"potentialAction\":[{\"@type\":\"SearchAction\",\"target\":{\"@type\":\"EntryPoint\",\"urlTemplate\":\"https:\/\/ofabskara.se\/sv\/?s={search_term_string}\"},\"query-input\":{\"@type\":\"PropertyValueSpecification\",\"valueRequired\":true,\"valueName\":\"search_term_string\"}}],\"inLanguage\":\"sv-SE\"}]}<\/script>\n<!-- \/ Yoast SEO plugin. -->","yoast_head_json":{"title":"Vagnsd\u00e4ck 12.5\/80-15.3 14-Lag - Ofab","robots":{"index":"index","follow":"follow","max-snippet":"max-snippet:-1","max-image-preview":"max-image-preview:large","max-video-preview":"max-video-preview:-1"},"canonical":"https:\/\/ofabskara.se\/sv\/produkt\/12-5-80-15-3\/","og_locale":"sv_SE","og_type":"article","og_title":"Vagnsd\u00e4ck 12.5\/80-15.3 14-Lag - Ofab","og_description":"Implement Optimalt bredd- och h\u00f6jdf\u00f6rh\u00e5llande: S\u00e4kerst\u00e4ller h\u00f6g stabilitet. Stark nylonstomme: F\u00f6r h\u00f6g lastkapacitet och livsl\u00e4ngd.","og_url":"https:\/\/ofabskara.se\/sv\/produkt\/12-5-80-15-3\/","og_site_name":"Ofab","article_modified_time":"2025-06-25T13:14:45+00:00","og_image":[{"width":715,"height":1178,"url":"https:\/\/ofabskara.se\/wp-content\/uploads\/2023\/09\/IMB160.png","type":"image\/png"}],"twitter_card":"summary_large_image","twitter_misc":{"Ber\u00e4knad l\u00e4stid":"1 minut"},"schema":{"@context":"https:\/\/schema.org","@graph":[{"@type":"WebPage","@id":"https:\/\/ofabskara.se\/sv\/produkt\/12-5-80-15-3\/","url":"https:\/\/ofabskara.se\/sv\/produkt\/12-5-80-15-3\/","name":"Vagnsd\u00e4ck 12.5\/80-15.3 14-Lag - Ofab","isPartOf":{"@id":"https:\/\/ofabskara.se\/sv\/#website"},"primaryImageOfPage":{"@id":"https:\/\/ofabskara.se\/sv\/produkt\/12-5-80-15-3\/#primaryimage"},"image":{"@id":"https:\/\/ofabskara.se\/sv\/produkt\/12-5-80-15-3\/#primaryimage"},"thumbnailUrl":"https:\/\/ofabskara.se\/wp-content\/uploads\/2023\/09\/IMB160.png","datePublished":"2023-09-27T07:41:30+00:00","dateModified":"2025-06-25T13:14:45+00:00","breadcrumb":{"@id":"https:\/\/ofabskara.se\/sv\/produkt\/12-5-80-15-3\/#breadcrumb"},"inLanguage":"sv-SE","potentialAction":[{"@type":"ReadAction","target":["https:\/\/ofabskara.se\/sv\/produkt\/12-5-80-15-3\/"]}]},{"@type":"ImageObject","inLanguage":"sv-SE","@id":"https:\/\/ofabskara.se\/sv\/produkt\/12-5-80-15-3\/#primaryimage","url":"https:\/\/ofabskara.se\/wp-content\/uploads\/2023\/09\/IMB160.png","contentUrl":"https:\/\/ofabskara.se\/wp-content\/uploads\/2023\/09\/IMB160.png","width":715,"height":1178,"caption":"IMB160"},{"@type":"BreadcrumbList","@id":"https:\/\/ofabskara.se\/sv\/produkt\/12-5-80-15-3\/#breadcrumb","itemListElement":[{"@type":"ListItem","position":1,"name":"Home","item":"https:\/\/ofabskara.se\/sv\/"},{"@type":"ListItem","position":2,"name":"Butik","item":"https:\/\/ofabskara.se\/sv\/butik\/"},{"@type":"ListItem","position":3,"name":"Vagnsd\u00e4ck 12.5\/80-15.3 14-Lag"}]},{"@type":"WebSite","@id":"https:\/\/ofabskara.se\/sv\/#website","url":"https:\/\/ofabskara.se\/sv\/","name":"Ofab","description":"","potentialAction":[{"@type":"SearchAction","target":{"@type":"EntryPoint","urlTemplate":"https:\/\/ofabskara.se\/sv\/?s={search_term_string}"},"query-input":{"@type":"PropertyValueSpecification","valueRequired":true,"valueName":"search_term_string"}}],"inLanguage":"sv-SE"}]}},"_links":{"self":[{"href":"https:\/\/ofabskara.se\/sv\/wp-json\/wp\/v2\/product\/6210","targetHints":{"allow":["GET"]}}],"collection":[{"href":"https:\/\/ofabskara.se\/sv\/wp-json\/wp\/v2\/product"}],"about":[{"href":"https:\/\/ofabskara.se\/sv\/wp-json\/wp\/v2\/types\/product"}],"replies":[{"embeddable":true,"href":"https:\/\/ofabskara.se\/sv\/wp-json\/wp\/v2\/comments?post=6210"}],"wp:featuredmedia":[{"embeddable":true,"href":"https:\/\/ofabskara.se\/sv\/wp-json\/wp\/v2\/media\/6203"}],"wp:attachment":[{"href":"https:\/\/ofabskara.se\/sv\/wp-json\/wp\/v2\/media?parent=6210"}],"wp:term":[{"taxonomy":"product_brand","embeddable":true,"href":"https:\/\/ofabskara.se\/sv\/wp-json\/wp\/v2\/product_brand?post=6210"},{"taxonomy":"product_cat","embeddable":true,"href":"https:\/\/ofabskara.se\/sv\/wp-json\/wp\/v2\/product_cat?post=6210"},{"taxonomy":"product_tag","embeddable":true,"href":"https:\/\/ofabskara.se\/sv\/wp-json\/wp\/v2\/product_tag?post=6210"}],"curies":[{"name":"wp","href":"https:\/\/api.w.org\/{rel}","templated":true}]}}