{"id":812,"date":"2017-05-16T08:18:32","date_gmt":"2017-05-16T06:18:32","guid":{"rendered":"https:\/\/ofabskara.se\/produkt\/beslag-for-bultning-4-vags\/"},"modified":"2026-03-11T14:08:11","modified_gmt":"2026-03-11T13:08:11","slug":"beslag-for-bultning-4-vags","status":"publish","type":"product","link":"https:\/\/ofabskara.se\/sv\/produkt\/beslag-for-bultning-4-vags\/","title":{"rendered":"Beslag 4-v\u00e4gs rund"},"content":{"rendered":"<p>Beslag f\u00f6r bultning p\u00e5 stolpe \u00d8102mm. 4-v\u00e4gs-h\u00e4ngen. Vikt: 3,6kg<\/p>\n","protected":false},"excerpt":{"rendered":"<ul>\n<li><strong>Beslag f\u00f6r bultning p\u00e5 stolpe \u00d8102mm. 4-v\u00e4gs-h\u00e4ngen.<\/strong><\/li>\n<li><strong>Vikt 3,6 kg<\/strong><\/li>\n<\/ul>\n","protected":false},"featured_media":813,"comment_status":"closed","ping_status":"open","template":"","meta":{"_acf_changed":false,"inline_featured_image":false},"product_brand":[],"product_cat":[65,174,179],"product_tag":[],"class_list":{"0":"post-812","1":"product","2":"type-product","3":"status-publish","4":"has-post-thumbnail","6":"product_cat-notdjur","7":"product_cat-stolpar-beslag-till-grindar-inredning-notdjur","8":"product_cat-stolpar-beslag-runda-102mm-notdjur","10":"first","11":"instock","12":"taxable","13":"shipping-taxable","14":"purchasable","15":"product-type-simple"},"acf":[],"yoast_head":"<!-- This site is optimized with the Yoast SEO plugin v24.4 - https:\/\/yoast.com\/wordpress\/plugins\/seo\/ -->\n<title>Beslag 4-v\u00e4gs rund - Ofab<\/title>\n<meta name=\"robots\" content=\"index, follow, max-snippet:-1, max-image-preview:large, max-video-preview:-1\" \/>\n<link rel=\"canonical\" href=\"https:\/\/ofabskara.se\/sv\/produkt\/beslag-for-bultning-4-vags\/\" \/>\n<meta property=\"og:locale\" content=\"sv_SE\" \/>\n<meta property=\"og:type\" content=\"article\" \/>\n<meta property=\"og:title\" content=\"Beslag 4-v\u00e4gs rund - Ofab\" \/>\n<meta property=\"og:description\" content=\"Beslag f\u00f6r bultning p\u00e5 stolpe \u00d8102mm. 4-v\u00e4gs-h\u00e4ngen.  Vikt 3,6 kg\" \/>\n<meta property=\"og:url\" content=\"https:\/\/ofabskara.se\/sv\/produkt\/beslag-for-bultning-4-vags\/\" \/>\n<meta property=\"og:site_name\" content=\"Ofab\" \/>\n<meta property=\"article:modified_time\" content=\"2026-03-11T13:08:11+00:00\" \/>\n<meta property=\"og:image\" content=\"https:\/\/ofabskara.se\/wp-content\/uploads\/2023\/09\/fe2158.jpg\" \/>\n\t<meta property=\"og:image:width\" content=\"1719\" \/>\n\t<meta property=\"og:image:height\" content=\"1216\" \/>\n\t<meta property=\"og:image:type\" content=\"image\/jpeg\" \/>\n<meta name=\"twitter:card\" content=\"summary_large_image\" \/>\n<script type=\"application\/ld+json\" class=\"yoast-schema-graph\">{\"@context\":\"https:\/\/schema.org\",\"@graph\":[{\"@type\":\"WebPage\",\"@id\":\"https:\/\/ofabskara.se\/sv\/produkt\/beslag-for-bultning-4-vags\/\",\"url\":\"https:\/\/ofabskara.se\/sv\/produkt\/beslag-for-bultning-4-vags\/\",\"name\":\"Beslag 4-v\u00e4gs rund - Ofab\",\"isPartOf\":{\"@id\":\"https:\/\/ofabskara.se\/sv\/#website\"},\"primaryImageOfPage\":{\"@id\":\"https:\/\/ofabskara.se\/sv\/produkt\/beslag-for-bultning-4-vags\/#primaryimage\"},\"image\":{\"@id\":\"https:\/\/ofabskara.se\/sv\/produkt\/beslag-for-bultning-4-vags\/#primaryimage\"},\"thumbnailUrl\":\"https:\/\/ofabskara.se\/wp-content\/uploads\/2023\/09\/fe2158.jpg\",\"datePublished\":\"2017-05-16T06:18:32+00:00\",\"dateModified\":\"2026-03-11T13:08:11+00:00\",\"breadcrumb\":{\"@id\":\"https:\/\/ofabskara.se\/sv\/produkt\/beslag-for-bultning-4-vags\/#breadcrumb\"},\"inLanguage\":\"sv-SE\",\"potentialAction\":[{\"@type\":\"ReadAction\",\"target\":[\"https:\/\/ofabskara.se\/sv\/produkt\/beslag-for-bultning-4-vags\/\"]}]},{\"@type\":\"ImageObject\",\"inLanguage\":\"sv-SE\",\"@id\":\"https:\/\/ofabskara.se\/sv\/produkt\/beslag-for-bultning-4-vags\/#primaryimage\",\"url\":\"https:\/\/ofabskara.se\/wp-content\/uploads\/2023\/09\/fe2158.jpg\",\"contentUrl\":\"https:\/\/ofabskara.se\/wp-content\/uploads\/2023\/09\/fe2158.jpg\",\"width\":1719,\"height\":1216},{\"@type\":\"BreadcrumbList\",\"@id\":\"https:\/\/ofabskara.se\/sv\/produkt\/beslag-for-bultning-4-vags\/#breadcrumb\",\"itemListElement\":[{\"@type\":\"ListItem\",\"position\":1,\"name\":\"Home\",\"item\":\"https:\/\/ofabskara.se\/sv\/\"},{\"@type\":\"ListItem\",\"position\":2,\"name\":\"Butik\",\"item\":\"https:\/\/ofabskara.se\/sv\/butik\/\"},{\"@type\":\"ListItem\",\"position\":3,\"name\":\"Beslag 4-v\u00e4gs rund\"}]},{\"@type\":\"WebSite\",\"@id\":\"https:\/\/ofabskara.se\/sv\/#website\",\"url\":\"https:\/\/ofabskara.se\/sv\/\",\"name\":\"Ofab\",\"description\":\"\",\"potentialAction\":[{\"@type\":\"SearchAction\",\"target\":{\"@type\":\"EntryPoint\",\"urlTemplate\":\"https:\/\/ofabskara.se\/sv\/?s={search_term_string}\"},\"query-input\":{\"@type\":\"PropertyValueSpecification\",\"valueRequired\":true,\"valueName\":\"search_term_string\"}}],\"inLanguage\":\"sv-SE\"}]}<\/script>\n<!-- \/ Yoast SEO plugin. -->","yoast_head_json":{"title":"Beslag 4-v\u00e4gs rund - Ofab","robots":{"index":"index","follow":"follow","max-snippet":"max-snippet:-1","max-image-preview":"max-image-preview:large","max-video-preview":"max-video-preview:-1"},"canonical":"https:\/\/ofabskara.se\/sv\/produkt\/beslag-for-bultning-4-vags\/","og_locale":"sv_SE","og_type":"article","og_title":"Beslag 4-v\u00e4gs rund - Ofab","og_description":"Beslag f\u00f6r bultning p\u00e5 stolpe \u00d8102mm. 4-v\u00e4gs-h\u00e4ngen.  Vikt 3,6 kg","og_url":"https:\/\/ofabskara.se\/sv\/produkt\/beslag-for-bultning-4-vags\/","og_site_name":"Ofab","article_modified_time":"2026-03-11T13:08:11+00:00","og_image":[{"width":1719,"height":1216,"url":"https:\/\/ofabskara.se\/wp-content\/uploads\/2023\/09\/fe2158.jpg","type":"image\/jpeg"}],"twitter_card":"summary_large_image","schema":{"@context":"https:\/\/schema.org","@graph":[{"@type":"WebPage","@id":"https:\/\/ofabskara.se\/sv\/produkt\/beslag-for-bultning-4-vags\/","url":"https:\/\/ofabskara.se\/sv\/produkt\/beslag-for-bultning-4-vags\/","name":"Beslag 4-v\u00e4gs rund - Ofab","isPartOf":{"@id":"https:\/\/ofabskara.se\/sv\/#website"},"primaryImageOfPage":{"@id":"https:\/\/ofabskara.se\/sv\/produkt\/beslag-for-bultning-4-vags\/#primaryimage"},"image":{"@id":"https:\/\/ofabskara.se\/sv\/produkt\/beslag-for-bultning-4-vags\/#primaryimage"},"thumbnailUrl":"https:\/\/ofabskara.se\/wp-content\/uploads\/2023\/09\/fe2158.jpg","datePublished":"2017-05-16T06:18:32+00:00","dateModified":"2026-03-11T13:08:11+00:00","breadcrumb":{"@id":"https:\/\/ofabskara.se\/sv\/produkt\/beslag-for-bultning-4-vags\/#breadcrumb"},"inLanguage":"sv-SE","potentialAction":[{"@type":"ReadAction","target":["https:\/\/ofabskara.se\/sv\/produkt\/beslag-for-bultning-4-vags\/"]}]},{"@type":"ImageObject","inLanguage":"sv-SE","@id":"https:\/\/ofabskara.se\/sv\/produkt\/beslag-for-bultning-4-vags\/#primaryimage","url":"https:\/\/ofabskara.se\/wp-content\/uploads\/2023\/09\/fe2158.jpg","contentUrl":"https:\/\/ofabskara.se\/wp-content\/uploads\/2023\/09\/fe2158.jpg","width":1719,"height":1216},{"@type":"BreadcrumbList","@id":"https:\/\/ofabskara.se\/sv\/produkt\/beslag-for-bultning-4-vags\/#breadcrumb","itemListElement":[{"@type":"ListItem","position":1,"name":"Home","item":"https:\/\/ofabskara.se\/sv\/"},{"@type":"ListItem","position":2,"name":"Butik","item":"https:\/\/ofabskara.se\/sv\/butik\/"},{"@type":"ListItem","position":3,"name":"Beslag 4-v\u00e4gs rund"}]},{"@type":"WebSite","@id":"https:\/\/ofabskara.se\/sv\/#website","url":"https:\/\/ofabskara.se\/sv\/","name":"Ofab","description":"","potentialAction":[{"@type":"SearchAction","target":{"@type":"EntryPoint","urlTemplate":"https:\/\/ofabskara.se\/sv\/?s={search_term_string}"},"query-input":{"@type":"PropertyValueSpecification","valueRequired":true,"valueName":"search_term_string"}}],"inLanguage":"sv-SE"}]}},"_links":{"self":[{"href":"https:\/\/ofabskara.se\/sv\/wp-json\/wp\/v2\/product\/812","targetHints":{"allow":["GET"]}}],"collection":[{"href":"https:\/\/ofabskara.se\/sv\/wp-json\/wp\/v2\/product"}],"about":[{"href":"https:\/\/ofabskara.se\/sv\/wp-json\/wp\/v2\/types\/product"}],"replies":[{"embeddable":true,"href":"https:\/\/ofabskara.se\/sv\/wp-json\/wp\/v2\/comments?post=812"}],"wp:featuredmedia":[{"embeddable":true,"href":"https:\/\/ofabskara.se\/sv\/wp-json\/wp\/v2\/media\/813"}],"wp:attachment":[{"href":"https:\/\/ofabskara.se\/sv\/wp-json\/wp\/v2\/media?parent=812"}],"wp:term":[{"taxonomy":"product_brand","embeddable":true,"href":"https:\/\/ofabskara.se\/sv\/wp-json\/wp\/v2\/product_brand?post=812"},{"taxonomy":"product_cat","embeddable":true,"href":"https:\/\/ofabskara.se\/sv\/wp-json\/wp\/v2\/product_cat?post=812"},{"taxonomy":"product_tag","embeddable":true,"href":"https:\/\/ofabskara.se\/sv\/wp-json\/wp\/v2\/product_tag?post=812"}],"curies":[{"name":"wp","href":"https:\/\/api.w.org\/{rel}","templated":true}]}}